{"id":226,"date":"2023-12-20T08:00:00","date_gmt":"2023-12-20T08:00:00","guid":{"rendered":"http:\/\/mes.terrateknoloji.com\/?page_id=226"},"modified":"2023-12-20T11:10:55","modified_gmt":"2023-12-20T11:10:55","slug":"hakkimizda","status":"publish","type":"page","link":"https:\/\/mes.terrateknoloji.com\/index.php\/hakkimizda\/","title":{"rendered":"Hakk\u0131m\u0131zda"},"content":{"rendered":"<p class=\"wp-block-paragraph \" style=\"\"><strong>Kurulu&#351; ve Yolculu&#287;umuz<\/strong> 2023 y&#305;l&#305;nda, ERP sekt&ouml;r&uuml;nde tecr&uuml;beye sahip bir ekip taraf&#305;ndan kurulan TerraMES 4.0, &uuml;retim sekt&ouml;r&uuml;nde devrim yaratma amac&#305; g&uuml;d&uuml;yor. Bir startup ruhuyla yola &ccedil;&#305;kan &#351;irketimiz, k&#305;sa s&uuml;rede 10 prestijli m&uuml;&#351;teriye hizmet vererek sekt&ouml;rde dikkat &ccedil;ekmeye ba&#351;lad&#305;.<\/p>\n\n\n<p class=\"wp-block-paragraph \" style=\"\"><strong>Misyonumuz<\/strong> Amac&#305;m&#305;z, &uuml;retim sekt&ouml;r&uuml;n&uuml;n AGI&#8217;sini (Artificial General Intelligence &#8211; Yapay Genel Zeka) yaratmak. Bu vizyon do&#287;rultusunda, TerraMES 4.0; kullan&#305;c&#305; dostu, esnek ve entegre bir MES &ccedil;&ouml;z&uuml;m&uuml; sunarak, ger&ccedil;ek zamanl&#305; veri analizi ve i&#351; s&uuml;re&ccedil;lerinin iyile&#351;tirilmesine odaklanmaktad&#305;r.<\/p>\n\n\n<p class=\"wp-block-paragraph \" style=\"\"><strong>Vizyonumuz<\/strong> Yenilik&ccedil;i teknolojilerle donat&#305;lm&#305;&#351; bir end&uuml;stri lideri olarak, ak&#305;ll&#305; &uuml;retim teknolojilerini her &ouml;l&ccedil;ekteki i&#351;letmeye ula&#351;t&#305;rmay&#305; hedefliyoruz. Yapay zeka ve otomasyonun g&uuml;c&uuml;n&uuml; kullanarak, verimlilik ve s&uuml;rd&uuml;r&uuml;lebilirlikte yeni standartlar belirlemekteyiz.<\/p>\n\n\n<p class=\"wp-block-paragraph \" style=\"\"><strong>Neden TerraMES 4.0<\/strong> TerraMES 4.0, end&uuml;striyel verimlili&#287;i art&#305;rmak i&ccedil;in geli&#351;mi&#351; yapay zeka analizleri, esnek raporlama se&ccedil;enekleri ve kapsaml&#305; ERP entegrasyonlar&#305; sunmaktad&#305;r. M&uuml;&#351;terilerimiz; MTN Kal&#305;p ve MTN Plastik, U&#287;ur Plastik, Difas, Bulut Galvano gibi &ouml;nde gelen firmalar, &uuml;retim s&uuml;re&ccedil;lerini yeniden tan&#305;ml&#305;yor ve sekt&ouml;rlerinde &ouml;ne &ccedil;&#305;k&#305;yor.<\/p>\n\n\n<p class=\"wp-block-paragraph \" style=\"\"><strong>Ba&#351;ar&#305; Hikayelerimiz<\/strong> MTN gibi b&uuml;y&uuml;k bir firma, y&uuml;zden fazla istasyonunu tek bir yerden y&ouml;netiyor ve bu istasyonlarla ilgili rapor ve analizlere h&#305;zla eri&#351;ebiliyor. Bu ba&#351;ar&#305;lar, piyasadaki g&uuml;c&uuml;m&uuml;z&uuml; ve sekt&ouml;re olan katk&#305;m&#305;z&#305; kan&#305;tl&#305;yor.<\/p>\n\n\n<p class=\"wp-block-paragraph \" style=\"\"><strong>Gelece&#287;e Bak&#305;&#351;<\/strong> Teknolojik yeniliklere ve s&uuml;rekli geli&#351;ime odaklanarak, TerraMES 4.0&#8217;&#305; s&uuml;rekli geli&#351;tiriyor ve m&uuml;&#351;terilerimizin ihtiya&ccedil;lar&#305;na g&ouml;re uyarl&#305;yoruz. Gelecekte, bu yenilik&ccedil;i yakla&#351;&#305;mla sekt&ouml;rdeki liderli&#287;imizi peki&#351;tirmeyi hedefliyoruz.<\/p>\n","protected":false},"excerpt":{"rendered":"<p>Kurulu&#351; ve Yolculu&#287;umuz 2023 y&#305;l&#305;nda, ERP sekt&ouml;r&uuml;nde tecr&uuml;beye sahip bir ekip taraf&#305;ndan kurulan TerraMES 4.0, &uuml;retim sekt&ouml;r&uuml;nde devrim yaratma amac&#305; g&uuml;d&uuml;yor. Bir startup ruhuyla yola &ccedil;&#305;kan &#351;irketimiz, k&#305;sa s&uuml;rede 10 prestijli m&uuml;&#351;teriye hizmet vererek sekt&ouml;rde dikkat &ccedil;ekmeye ba&#351;lad&#305;. Misyonumuz Amac&#305;m&#305;z, &uuml;retim sekt&ouml;r&uuml;n&uuml;n AGI&#8217;sini (Artificial General Intelligence &#8211; Yapay Genel Zeka) yaratmak. Bu vizyon do&#287;rultusunda, TerraMES &hellip;<\/p>\n","protected":false},"author":1,"featured_media":0,"parent":0,"menu_order":0,"comment_status":"closed","ping_status":"closed","template":"","meta":{"footnotes":""},"yoast_head":"<!-- This site is optimized with the Yoast SEO plugin v23.5 - https:\/\/yoast.com\/wordpress\/plugins\/seo\/ -->\n<title>Hakk\u0131m\u0131zda - TerraMES 4.0 TerraMES 4.0 - End\u00fcstri Lideri MES Yaz\u0131l\u0131m\u0131 \u015eirketinin Hikayesi<\/title>\n<meta name=\"description\" content=\"TerraMES&#039;i yak\u0131ndan tan\u0131y\u0131n. MES yaz\u0131l\u0131m\u0131 alan\u0131nda \u00f6nc\u00fc \u015firketimizin misyonu, vizyonu ve yenilik\u00e7i yakla\u015f\u0131m\u0131m\u0131z hakk\u0131nda bilgi edinin.\" \/>\n<meta name=\"robots\" content=\"index, follow, max-snippet:-1, max-image-preview:large, max-video-preview:-1\" \/>\n<link rel=\"canonical\" href=\"https:\/\/mes.terrateknoloji.com\/index.php\/hakkimizda\/\" \/>\n<meta property=\"og:locale\" content=\"tr_TR\" \/>\n<meta property=\"og:type\" content=\"article\" \/>\n<meta property=\"og:title\" content=\"Hakk\u0131m\u0131zda - TerraMES 4.0 TerraMES 4.0 - End\u00fcstri Lideri MES Yaz\u0131l\u0131m\u0131 \u015eirketinin Hikayesi\" \/>\n<meta property=\"og:description\" content=\"TerraMES&#039;i yak\u0131ndan tan\u0131y\u0131n. MES yaz\u0131l\u0131m\u0131 alan\u0131nda \u00f6nc\u00fc \u015firketimizin misyonu, vizyonu ve yenilik\u00e7i yakla\u015f\u0131m\u0131m\u0131z hakk\u0131nda bilgi edinin.\" \/>\n<meta property=\"og:url\" content=\"https:\/\/mes.terrateknoloji.com\/index.php\/hakkimizda\/\" \/>\n<meta property=\"og:site_name\" content=\"TerraMES 4.0\" \/>\n<meta property=\"article:publisher\" content=\"https:\/\/www.facebook.com\/terrames40\" \/>\n<meta property=\"article:modified_time\" content=\"2023-12-20T11:10:55+00:00\" \/>\n<meta property=\"og:image\" content=\"https:\/\/mes.terrateknoloji.com\/wp-content\/uploads\/2023\/11\/cropped-IKON.png\" \/>\n\t<meta property=\"og:image:width\" content=\"512\" \/>\n\t<meta property=\"og:image:height\" content=\"512\" \/>\n\t<meta property=\"og:image:type\" content=\"image\/png\" \/>\n<meta name=\"twitter:card\" content=\"summary_large_image\" \/>\n<script type=\"application\/ld+json\" class=\"yoast-schema-graph\">{\"@context\":\"https:\/\/schema.org\",\"@graph\":[{\"@type\":\"WebPage\",\"@id\":\"https:\/\/mes.terrateknoloji.com\/index.php\/hakkimizda\/\",\"url\":\"https:\/\/mes.terrateknoloji.com\/index.php\/hakkimizda\/\",\"name\":\"Hakk\u0131m\u0131zda - TerraMES 4.0 TerraMES 4.0 - End\u00fcstri Lideri MES Yaz\u0131l\u0131m\u0131 \u015eirketinin Hikayesi\",\"isPartOf\":{\"@id\":\"https:\/\/mes.terrateknoloji.com\/#website\"},\"datePublished\":\"2023-12-20T08:00:00+00:00\",\"dateModified\":\"2023-12-20T11:10:55+00:00\",\"description\":\"TerraMES'i yak\u0131ndan tan\u0131y\u0131n. MES yaz\u0131l\u0131m\u0131 alan\u0131nda \u00f6nc\u00fc \u015firketimizin misyonu, vizyonu ve yenilik\u00e7i yakla\u015f\u0131m\u0131m\u0131z hakk\u0131nda bilgi edinin.\",\"breadcrumb\":{\"@id\":\"https:\/\/mes.terrateknoloji.com\/index.php\/hakkimizda\/#breadcrumb\"},\"inLanguage\":\"tr\",\"potentialAction\":[{\"@type\":\"ReadAction\",\"target\":[\"https:\/\/mes.terrateknoloji.com\/index.php\/hakkimizda\/\"]}]},{\"@type\":\"BreadcrumbList\",\"@id\":\"https:\/\/mes.terrateknoloji.com\/index.php\/hakkimizda\/#breadcrumb\",\"itemListElement\":[{\"@type\":\"ListItem\",\"position\":1,\"name\":\"Anasayfa\",\"item\":\"https:\/\/mes.terrateknoloji.com\/\"},{\"@type\":\"ListItem\",\"position\":2,\"name\":\"Hakk\u0131m\u0131zda\"}]},{\"@type\":\"WebSite\",\"@id\":\"https:\/\/mes.terrateknoloji.com\/#website\",\"url\":\"https:\/\/mes.terrateknoloji.com\/\",\"name\":\"TerraMES 4.0\",\"description\":\"&Uuml;retimde Yapay Zeka Devri\",\"publisher\":{\"@id\":\"https:\/\/mes.terrateknoloji.com\/#organization\"},\"alternateName\":\"TerraMES\",\"potentialAction\":[{\"@type\":\"SearchAction\",\"target\":{\"@type\":\"EntryPoint\",\"urlTemplate\":\"https:\/\/mes.terrateknoloji.com\/?s={search_term_string}\"},\"query-input\":{\"@type\":\"PropertyValueSpecification\",\"valueRequired\":true,\"valueName\":\"search_term_string\"}}],\"inLanguage\":\"tr\"},{\"@type\":\"Organization\",\"@id\":\"https:\/\/mes.terrateknoloji.com\/#organization\",\"name\":\"TerraMES 4.0\",\"url\":\"https:\/\/mes.terrateknoloji.com\/\",\"logo\":{\"@type\":\"ImageObject\",\"inLanguage\":\"tr\",\"@id\":\"https:\/\/mes.terrateknoloji.com\/#\/schema\/logo\/image\/\",\"url\":\"https:\/\/mes.terrateknoloji.com\/wp-content\/uploads\/2023\/11\/cropped-IKON.png\",\"contentUrl\":\"https:\/\/mes.terrateknoloji.com\/wp-content\/uploads\/2023\/11\/cropped-IKON.png\",\"width\":512,\"height\":512,\"caption\":\"TerraMES 4.0\"},\"image\":{\"@id\":\"https:\/\/mes.terrateknoloji.com\/#\/schema\/logo\/image\/\"},\"sameAs\":[\"https:\/\/www.facebook.com\/terrames40\",\"https:\/\/www.instagram.com\/terrames\"]}]}<\/script>\n<!-- \/ Yoast SEO plugin. -->","yoast_head_json":{"title":"Hakk\u0131m\u0131zda - TerraMES 4.0 TerraMES 4.0 - End\u00fcstri Lideri MES Yaz\u0131l\u0131m\u0131 \u015eirketinin Hikayesi","description":"TerraMES'i yak\u0131ndan tan\u0131y\u0131n. MES yaz\u0131l\u0131m\u0131 alan\u0131nda \u00f6nc\u00fc \u015firketimizin misyonu, vizyonu ve yenilik\u00e7i yakla\u015f\u0131m\u0131m\u0131z hakk\u0131nda bilgi edinin.","robots":{"index":"index","follow":"follow","max-snippet":"max-snippet:-1","max-image-preview":"max-image-preview:large","max-video-preview":"max-video-preview:-1"},"canonical":"https:\/\/mes.terrateknoloji.com\/index.php\/hakkimizda\/","og_locale":"tr_TR","og_type":"article","og_title":"Hakk\u0131m\u0131zda - TerraMES 4.0 TerraMES 4.0 - End\u00fcstri Lideri MES Yaz\u0131l\u0131m\u0131 \u015eirketinin Hikayesi","og_description":"TerraMES'i yak\u0131ndan tan\u0131y\u0131n. MES yaz\u0131l\u0131m\u0131 alan\u0131nda \u00f6nc\u00fc \u015firketimizin misyonu, vizyonu ve yenilik\u00e7i yakla\u015f\u0131m\u0131m\u0131z hakk\u0131nda bilgi edinin.","og_url":"https:\/\/mes.terrateknoloji.com\/index.php\/hakkimizda\/","og_site_name":"TerraMES 4.0","article_publisher":"https:\/\/www.facebook.com\/terrames40","article_modified_time":"2023-12-20T11:10:55+00:00","og_image":[{"width":512,"height":512,"url":"https:\/\/mes.terrateknoloji.com\/wp-content\/uploads\/2023\/11\/cropped-IKON.png","type":"image\/png"}],"twitter_card":"summary_large_image","schema":{"@context":"https:\/\/schema.org","@graph":[{"@type":"WebPage","@id":"https:\/\/mes.terrateknoloji.com\/index.php\/hakkimizda\/","url":"https:\/\/mes.terrateknoloji.com\/index.php\/hakkimizda\/","name":"Hakk\u0131m\u0131zda - TerraMES 4.0 TerraMES 4.0 - End\u00fcstri Lideri MES Yaz\u0131l\u0131m\u0131 \u015eirketinin Hikayesi","isPartOf":{"@id":"https:\/\/mes.terrateknoloji.com\/#website"},"datePublished":"2023-12-20T08:00:00+00:00","dateModified":"2023-12-20T11:10:55+00:00","description":"TerraMES'i yak\u0131ndan tan\u0131y\u0131n. MES yaz\u0131l\u0131m\u0131 alan\u0131nda \u00f6nc\u00fc \u015firketimizin misyonu, vizyonu ve yenilik\u00e7i yakla\u015f\u0131m\u0131m\u0131z hakk\u0131nda bilgi edinin.","breadcrumb":{"@id":"https:\/\/mes.terrateknoloji.com\/index.php\/hakkimizda\/#breadcrumb"},"inLanguage":"tr","potentialAction":[{"@type":"ReadAction","target":["https:\/\/mes.terrateknoloji.com\/index.php\/hakkimizda\/"]}]},{"@type":"BreadcrumbList","@id":"https:\/\/mes.terrateknoloji.com\/index.php\/hakkimizda\/#breadcrumb","itemListElement":[{"@type":"ListItem","position":1,"name":"Anasayfa","item":"https:\/\/mes.terrateknoloji.com\/"},{"@type":"ListItem","position":2,"name":"Hakk\u0131m\u0131zda"}]},{"@type":"WebSite","@id":"https:\/\/mes.terrateknoloji.com\/#website","url":"https:\/\/mes.terrateknoloji.com\/","name":"TerraMES 4.0","description":"&Uuml;retimde Yapay Zeka Devri","publisher":{"@id":"https:\/\/mes.terrateknoloji.com\/#organization"},"alternateName":"TerraMES","potentialAction":[{"@type":"SearchAction","target":{"@type":"EntryPoint","urlTemplate":"https:\/\/mes.terrateknoloji.com\/?s={search_term_string}"},"query-input":{"@type":"PropertyValueSpecification","valueRequired":true,"valueName":"search_term_string"}}],"inLanguage":"tr"},{"@type":"Organization","@id":"https:\/\/mes.terrateknoloji.com\/#organization","name":"TerraMES 4.0","url":"https:\/\/mes.terrateknoloji.com\/","logo":{"@type":"ImageObject","inLanguage":"tr","@id":"https:\/\/mes.terrateknoloji.com\/#\/schema\/logo\/image\/","url":"https:\/\/mes.terrateknoloji.com\/wp-content\/uploads\/2023\/11\/cropped-IKON.png","contentUrl":"https:\/\/mes.terrateknoloji.com\/wp-content\/uploads\/2023\/11\/cropped-IKON.png","width":512,"height":512,"caption":"TerraMES 4.0"},"image":{"@id":"https:\/\/mes.terrateknoloji.com\/#\/schema\/logo\/image\/"},"sameAs":["https:\/\/www.facebook.com\/terrames40","https:\/\/www.instagram.com\/terrames"]}]}},"_links":{"self":[{"href":"https:\/\/mes.terrateknoloji.com\/index.php\/wp-json\/wp\/v2\/pages\/226"}],"collection":[{"href":"https:\/\/mes.terrateknoloji.com\/index.php\/wp-json\/wp\/v2\/pages"}],"about":[{"href":"https:\/\/mes.terrateknoloji.com\/index.php\/wp-json\/wp\/v2\/types\/page"}],"author":[{"embeddable":true,"href":"https:\/\/mes.terrateknoloji.com\/index.php\/wp-json\/wp\/v2\/users\/1"}],"replies":[{"embeddable":true,"href":"https:\/\/mes.terrateknoloji.com\/index.php\/wp-json\/wp\/v2\/comments?post=226"}],"version-history":[{"count":2,"href":"https:\/\/mes.terrateknoloji.com\/index.php\/wp-json\/wp\/v2\/pages\/226\/revisions"}],"predecessor-version":[{"id":229,"href":"https:\/\/mes.terrateknoloji.com\/index.php\/wp-json\/wp\/v2\/pages\/226\/revisions\/229"}],"wp:attachment":[{"href":"https:\/\/mes.terrateknoloji.com\/index.php\/wp-json\/wp\/v2\/media?parent=226"}],"curies":[{"name":"wp","href":"https:\/\/api.w.org\/{rel}","templated":true}]}}