{"id":223,"date":"2023-12-20T07:53:20","date_gmt":"2023-12-20T07:53:20","guid":{"rendered":"http:\/\/mes.terrateknoloji.com\/?page_id=223"},"modified":"2023-12-20T07:53:22","modified_gmt":"2023-12-20T07:53:22","slug":"sss","status":"publish","type":"page","link":"https:\/\/mes.terrateknoloji.com\/index.php\/sss\/","title":{"rendered":"SSS"},"content":{"rendered":"<div class=\"wp-block-group alignfull is-layout-constrained wp-block-group-is-layout-constrained\">\n<div class=\"wp-block-group alignfull is-layout-constrained wp-block-group-is-layout-constrained\" style=\"margin-top:0;padding:var(--wp--preset--spacing--md) 0 var(--wp--preset--spacing--sm) 0\">\n<div class=\"wp-block-group is-layout-constrained wp-container-core-group-layout-2 wp-block-group-is-layout-constrained\">\n<div class=\"wp-block-group is-content-justification-center is-nowrap is-layout-flex wp-container-core-group-layout-1 wp-block-group-is-layout-flex\">\n<p class=\"wp-block-paragraph is-style-sub-heading\" style=\"\">SSS<\/p>\n<\/div>\n\n\n<h3 class=\"wp-block-heading has-text-align-center\" id=\"sc4b1kc3a7a-sorulan-sorular\">S&#305;k&ccedil;a Sorulan Sorular<\/h3>\n<\/div>\n<\/div>\n\n\n<div class=\"wp-block-group alignfull is-layout-constrained wp-block-group-is-layout-constrained has-position-relative\" style=\"padding-bottom:var(--wp--preset--spacing--md);margin-bottom:0\">\n<div class=\"wp-block-group alignwide is-layout-flow wp-block-group-is-layout-flow has-position-relative\">\n<div class=\"wp-block-columns alignwide are-vertically-aligned-top has-18-font-size is-layout-flex wp-container-core-columns-layout-1 wp-block-columns-is-layout-flex is-stacked-on-mobile\" style=\"--columns:2\" data-columns=\"2\">\n<div class=\"wp-block-column is-vertically-aligned-top is-layout-flow wp-block-column-is-layout-flow has-position-relative\">\n<div class=\"wp-block-group is-layout-flow wp-block-group-is-layout-flow has-position-relative\">\n<div class=\"wp-block-group has-filter has-transform has-primary-light-gradient-background has-background is-layout-constrained wp-block-group-is-layout-constrained has-position-absolute has-top has-right has-bottom has-left has-z-index\" style=\"filter:blur(60px);transform:scale(1);--top:0px;--right:0px;--bottom:0px;--left:0px;margin:0\"><\/div>\n\n\n<div class=\"wp-block-list is-style-accordion has-position-relative has-z-index\" style=\"--z-index:1;gap:var(--wp--preset--spacing--xs)\">\n<details class=\"is-style-default has-background-background-color has-background\" style=\"border-radius:12px\"><summary style=\"padding-top:var(--wp--preset--spacing--sm);padding-right:var(--wp--preset--spacing--sm);padding-bottom:var(--wp--preset--spacing--sm);padding-left:var(--wp--preset--spacing--sm)\">\n<strong><strong><strong><strong><strong>TerraMES<\/strong><\/strong><strong style=\"font-weight: bold;\"> 4.0<\/strong> nedir ve bana ne gibi avantajlar sunar<\/strong><\/strong>?<\/strong><span class=\"accordion-toggle\"><\/span><\/summary><section style=\"padding-right:var(--wp--preset--spacing--sm);padding-bottom:var(--wp--preset--spacing--sm);padding-left:var(--wp--preset--spacing--sm)\">TerraMES 4.0, &uuml;retim s&uuml;re&ccedil;lerinizi yak&#305;ndan takip etmenizi sa&#287;layan bir MES yaz&#305;l&#305;m&#305;d&#305;r. Bu yaz&#305;l&#305;m sayesinde, &uuml;retim tesisinizde ger&ccedil;ek zamanl&#305; olarak neler oldu&#287;unu g&ouml;zlemleyebilir ve &uuml;retim verimlili&#287;inizi art&#305;rabilirsiniz.<\/section><\/details><details class=\"is-style-default has-background-background-color has-background\" style=\"border-radius:12px\"><summary style=\"padding-top:var(--wp--preset--spacing--sm);padding-right:var(--wp--preset--spacing--sm);padding-bottom:var(--wp--preset--spacing--sm);padding-left:var(--wp--preset--spacing--sm)\">\n<strong><strong>&Uuml;retimdeki tabletlerin i&#351;levi nedir<\/strong>?<\/strong><span class=\"accordion-toggle\"><\/span><\/summary><section style=\"padding-right:var(--wp--preset--spacing--sm);padding-bottom:var(--wp--preset--spacing--sm);padding-left:var(--wp--preset--spacing--sm)\">Tabletler, &uuml;retim istasyonlar&#305;na ba&#287;l&#305;d&#305;r ve &uuml;retim s&uuml;recinin farkl&#305; a&#351;amalar&#305;nda ger&ccedil;ekle&#351;en aktiviteleri kaydedebilir. Operat&ouml;rler, bu tabletler arac&#305;l&#305;&#287;&#305;yla i&#351;lerini ba&#351;lat&#305;p bitirebilir, herhangi bir sorun veya hurda durumu hakk&#305;nda sistemi bilgilendirebilir.<\/section><\/details><details class=\"is-style-default has-background-background-color has-background\" style=\"border-radius:12px\"><summary style=\"padding-top:var(--wp--preset--spacing--sm);padding-right:var(--wp--preset--spacing--sm);padding-bottom:var(--wp--preset--spacing--sm);padding-left:var(--wp--preset--spacing--sm)\">\n<strong><strong>Canl&#305; &#304;zleme Sayfas&#305;&#8217;ndan hangi bilgilere eri&#351;ebilirim?<\/strong><\/strong><span class=\"accordion-toggle\"><\/span><\/summary><section style=\"padding-right:var(--wp--preset--spacing--sm);padding-bottom:var(--wp--preset--spacing--sm);padding-left:var(--wp--preset--spacing--sm)\">Bu sayfada, her bir i&#351; emrinin anl&#305;k durumunu, &uuml;retilen &uuml;r&uuml;n miktar&#305;n&#305;, &uuml;retim verimlili&#287;ini, planlanan ve ger&ccedil;ekle&#351;en &uuml;retim s&uuml;relerini ve di&#287;er &ouml;nemli metrikleri g&ouml;rebilirsiniz.<\/section><\/details><details class=\"is-style-default has-background-background-color has-background\" style=\"border-radius:12px\"><summary style=\"padding-top:var(--wp--preset--spacing--sm);padding-right:var(--wp--preset--spacing--sm);padding-bottom:var(--wp--preset--spacing--sm);padding-left:var(--wp--preset--spacing--sm)\">\n<strong><strong><strong><strong><strong>TerraMES<\/strong><\/strong><strong style=\"font-weight: bold;\"> 4.0<\/strong>&#8216;da kullan&#305;lan yapay zeka teknolojisi nedir?<\/strong><\/strong><\/strong><span class=\"accordion-toggle\"><\/span><\/summary><section style=\"padding-right:var(--wp--preset--spacing--sm);padding-bottom:var(--wp--preset--spacing--sm);padding-left:var(--wp--preset--spacing--sm)\">TerraMES 4.0, g&ouml;sterilen veri ve oranlar&#305; analiz eden LLM (Large Language Model) gibi yapay zeka modellerini entegre eder. Bu, kullan&#305;c&#305;n&#305;n veri &uuml;zerinde derinlemesine analiz yapmas&#305;na gerek kalmadan h&#305;zl&#305; ve &ouml;zet bilgilere eri&#351;mesini sa&#287;lar.<\/section><\/details>\n<\/div>\n<\/div>\n<\/div>\n\n\n<div class=\"wp-block-column is-vertically-aligned-top is-layout-flow wp-block-column-is-layout-flow has-position-relative has-z-index\" style=\"\">\n<div class=\"wp-block-group is-style-default is-layout-flow wp-block-group-is-layout-flow has-position-relative\">\n<div class=\"wp-block-group has-filter has-transform has-primary-light-gradient-background has-background is-layout-constrained wp-block-group-is-layout-constrained has-position-absolute has-top has-right has-bottom has-left has-z-index\" style=\"filter:blur(60px);transform:scale(1);--top:0px;--right:0px;--bottom:0px;--left:0px;margin:0\"><\/div>\n\n\n<div class=\"wp-block-list is-style-accordion has-position-relative has-z-index\" style=\"--z-index:1;gap:var(--wp--preset--spacing--xs)\">\n<details class=\"is-style-default has-background-background-color has-background\" style=\"border-radius:12px\"><summary style=\"padding-top:var(--wp--preset--spacing--sm);padding-right:var(--wp--preset--spacing--sm);padding-bottom:var(--wp--preset--spacing--sm);padding-left:var(--wp--preset--spacing--sm)\">\n<strong style=\"font-weight: bold;\">Hangi ERP sistemleriyle uyumludur?<\/strong><span class=\"accordion-toggle\"><\/span><\/summary><section style=\"padding-right:var(--wp--preset--spacing--sm);padding-bottom:var(--wp--preset--spacing--sm);padding-left:var(--wp--preset--spacing--sm)\">M&uuml;&#351;terinin kulland&#305;&#287;&#305; SAP, Canias, ERP TEK, Uyumsoft gibi herhangi bir ERP sistemine entegre olabiliriz.<\/section><\/details><details class=\"is-style-default has-background-background-color has-background\" style=\"border-radius:12px\"><summary style=\"padding-top:var(--wp--preset--spacing--sm);padding-right:var(--wp--preset--spacing--sm);padding-bottom:var(--wp--preset--spacing--sm);padding-left:var(--wp--preset--spacing--sm)\">\n<strong><strong>OEE de&#287;eri nedir ve ana sayfada nas&#305;l bir analiz sunar<\/strong>?<\/strong><span class=\"accordion-toggle\"><\/span><\/summary><section style=\"padding-right:var(--wp--preset--spacing--sm);padding-bottom:var(--wp--preset--spacing--sm);padding-left:var(--wp--preset--spacing--sm)\">OEE (Overall Equipment Effectiveness), &uuml;retim verimlili&#287;inizi &ouml;l&ccedil;en bir metriktir. Ana sayfada, se&ccedil;ti&#287;iniz tarih aral&#305;&#287;&#305;na ve kaynaklara g&ouml;re OEE de&#287;erlerini ve da&#287;&#305;l&#305;m&#305;n&#305; g&ouml;rebilirsiniz.<\/section><\/details><details class=\"is-style-default has-background-background-color has-background\" style=\"border-radius:12px\"><summary style=\"padding-top:var(--wp--preset--spacing--sm);padding-right:var(--wp--preset--spacing--sm);padding-bottom:var(--wp--preset--spacing--sm);padding-left:var(--wp--preset--spacing--sm)\">\n<strong><strong>Duraklama ve Hurda Analizi sayfalar&#305;nda ne t&uuml;r bilgilere ula&#351;abilirim?<\/strong><\/strong><span class=\"accordion-toggle\"><\/span><\/summary><section style=\"padding-right:var(--wp--preset--spacing--sm);padding-bottom:var(--wp--preset--spacing--sm);padding-left:var(--wp--preset--spacing--sm)\">Bu sayfalarda, &uuml;retimde ger&ccedil;ekle&#351;en duraklamalar&#305;n ve hurdalar&#305;n nedenlerini, s&uuml;relerini ve bunlar&#305;n genel &uuml;retime etkisini detayl&#305; grafiklerle g&ouml;rebilirsiniz.<\/section><\/details><details class=\"is-style-default has-background-background-color has-background\" style=\"border-radius:12px\"><summary style=\"padding-top:var(--wp--preset--spacing--sm);padding-right:var(--wp--preset--spacing--sm);padding-bottom:var(--wp--preset--spacing--sm);padding-left:var(--wp--preset--spacing--sm)\">\n<strong><strong>Yapay zeka entegrasyonu, &uuml;retim verilerimin analizinde nas&#305;l bir avantaj sa&#287;lar?<\/strong><\/strong><span class=\"accordion-toggle\"><\/span><\/summary><section style=\"padding-right:var(--wp--preset--spacing--sm);padding-bottom:var(--wp--preset--spacing--sm);padding-left:var(--wp--preset--spacing--sm)\">Yapay Zekan&#305;n sa&#287;lad&#305;&#287;&#305; otomatik analiz, genel &uuml;retim trendlerini, olas&#305; sorunlar&#305; ve iyile&#351;tirme alanlar&#305;n&#305; h&#305;zla belirlemenizi sa&#287;lar. Bu, manuel analize g&ouml;re &ccedil;ok daha h&#305;zl&#305; ve do&#287;ru sonu&ccedil;lara ula&#351;man&#305;za yard&#305;mc&#305; olur.<\/section><\/details>\n<\/div>\n<\/div>\n<\/div>\n<\/div>\n<\/div>\n\n\n<div class=\"wp-block-group is-layout-constrained wp-block-group-is-layout-constrained\" style=\"padding-top:var(--wp--preset--spacing--lg)\">\n<p class=\"wp-block-paragraph aligncenter has-text-align-center aligncenter\" style=\"\">Soru yukar&#305;da yan&#305;tlanmad&#305; m&#305;? <a href=\"#\">Bize ula&#351;&#305;n.<\/a><\/p>\n<\/div>\n<\/div>\n<\/div>\n","protected":false},"excerpt":{"rendered":"","protected":false},"author":1,"featured_media":0,"parent":0,"menu_order":0,"comment_status":"closed","ping_status":"closed","template":"","meta":{"footnotes":""},"yoast_head":"<!-- This site is optimized with the Yoast SEO plugin v23.5 - https:\/\/yoast.com\/wordpress\/plugins\/seo\/ -->\n<title>SSS - TerraMES 4.0 TerraMES 4.0 S\u0131k\u00e7a Sorulan Sorular - MES Yaz\u0131l\u0131m\u0131n\u0131z\u0131n Detaylar\u0131<\/title>\n<meta name=\"description\" content=\"TerraMES MES yaz\u0131l\u0131m\u0131yla ilgili s\u0131k\u00e7a sorulan sorulara yan\u0131tlar bulun. \u00dcr\u00fcn \u00f6zellikleri, entegrasyon, ve fazlas\u0131 i\u00e7in SSS sayfam\u0131z\u0131 ke\u015ffedin!\" \/>\n<meta name=\"robots\" content=\"index, follow, max-snippet:-1, max-image-preview:large, max-video-preview:-1\" \/>\n<link rel=\"canonical\" href=\"https:\/\/mes.terrateknoloji.com\/index.php\/sss\/\" \/>\n<meta property=\"og:locale\" content=\"tr_TR\" \/>\n<meta property=\"og:type\" content=\"article\" \/>\n<meta property=\"og:title\" content=\"SSS - TerraMES 4.0 TerraMES 4.0 S\u0131k\u00e7a Sorulan Sorular - MES Yaz\u0131l\u0131m\u0131n\u0131z\u0131n Detaylar\u0131\" \/>\n<meta property=\"og:description\" content=\"TerraMES MES yaz\u0131l\u0131m\u0131yla ilgili s\u0131k\u00e7a sorulan sorulara yan\u0131tlar bulun. \u00dcr\u00fcn \u00f6zellikleri, entegrasyon, ve fazlas\u0131 i\u00e7in SSS sayfam\u0131z\u0131 ke\u015ffedin!\" \/>\n<meta property=\"og:url\" content=\"https:\/\/mes.terrateknoloji.com\/index.php\/sss\/\" \/>\n<meta property=\"og:site_name\" content=\"TerraMES 4.0\" \/>\n<meta property=\"article:publisher\" content=\"https:\/\/www.facebook.com\/terrames40\" \/>\n<meta property=\"article:modified_time\" content=\"2023-12-20T07:53:22+00:00\" \/>\n<meta property=\"og:image\" content=\"https:\/\/mes.terrateknoloji.com\/wp-content\/uploads\/2023\/11\/cropped-IKON.png\" \/>\n\t<meta property=\"og:image:width\" content=\"512\" \/>\n\t<meta property=\"og:image:height\" content=\"512\" \/>\n\t<meta property=\"og:image:type\" content=\"image\/png\" \/>\n<meta name=\"twitter:card\" content=\"summary_large_image\" \/>\n<meta name=\"twitter:label1\" content=\"Tahmini okuma s\u00fcresi\" \/>\n\t<meta name=\"twitter:data1\" content=\"2 dakika\" \/>\n<script type=\"application\/ld+json\" class=\"yoast-schema-graph\">{\"@context\":\"https:\/\/schema.org\",\"@graph\":[{\"@type\":\"WebPage\",\"@id\":\"https:\/\/mes.terrateknoloji.com\/index.php\/sss\/\",\"url\":\"https:\/\/mes.terrateknoloji.com\/index.php\/sss\/\",\"name\":\"SSS - TerraMES 4.0 TerraMES 4.0 S\u0131k\u00e7a Sorulan Sorular - MES Yaz\u0131l\u0131m\u0131n\u0131z\u0131n Detaylar\u0131\",\"isPartOf\":{\"@id\":\"https:\/\/mes.terrateknoloji.com\/#website\"},\"datePublished\":\"2023-12-20T07:53:20+00:00\",\"dateModified\":\"2023-12-20T07:53:22+00:00\",\"description\":\"TerraMES MES yaz\u0131l\u0131m\u0131yla ilgili s\u0131k\u00e7a sorulan sorulara yan\u0131tlar bulun. \u00dcr\u00fcn \u00f6zellikleri, entegrasyon, ve fazlas\u0131 i\u00e7in SSS sayfam\u0131z\u0131 ke\u015ffedin!\",\"breadcrumb\":{\"@id\":\"https:\/\/mes.terrateknoloji.com\/index.php\/sss\/#breadcrumb\"},\"inLanguage\":\"tr\",\"potentialAction\":[{\"@type\":\"ReadAction\",\"target\":[\"https:\/\/mes.terrateknoloji.com\/index.php\/sss\/\"]}]},{\"@type\":\"BreadcrumbList\",\"@id\":\"https:\/\/mes.terrateknoloji.com\/index.php\/sss\/#breadcrumb\",\"itemListElement\":[{\"@type\":\"ListItem\",\"position\":1,\"name\":\"Anasayfa\",\"item\":\"https:\/\/mes.terrateknoloji.com\/\"},{\"@type\":\"ListItem\",\"position\":2,\"name\":\"SSS\"}]},{\"@type\":\"WebSite\",\"@id\":\"https:\/\/mes.terrateknoloji.com\/#website\",\"url\":\"https:\/\/mes.terrateknoloji.com\/\",\"name\":\"TerraMES 4.0\",\"description\":\"&Uuml;retimde Yapay Zeka Devri\",\"publisher\":{\"@id\":\"https:\/\/mes.terrateknoloji.com\/#organization\"},\"alternateName\":\"TerraMES\",\"potentialAction\":[{\"@type\":\"SearchAction\",\"target\":{\"@type\":\"EntryPoint\",\"urlTemplate\":\"https:\/\/mes.terrateknoloji.com\/?s={search_term_string}\"},\"query-input\":{\"@type\":\"PropertyValueSpecification\",\"valueRequired\":true,\"valueName\":\"search_term_string\"}}],\"inLanguage\":\"tr\"},{\"@type\":\"Organization\",\"@id\":\"https:\/\/mes.terrateknoloji.com\/#organization\",\"name\":\"TerraMES 4.0\",\"url\":\"https:\/\/mes.terrateknoloji.com\/\",\"logo\":{\"@type\":\"ImageObject\",\"inLanguage\":\"tr\",\"@id\":\"https:\/\/mes.terrateknoloji.com\/#\/schema\/logo\/image\/\",\"url\":\"https:\/\/mes.terrateknoloji.com\/wp-content\/uploads\/2023\/11\/cropped-IKON.png\",\"contentUrl\":\"https:\/\/mes.terrateknoloji.com\/wp-content\/uploads\/2023\/11\/cropped-IKON.png\",\"width\":512,\"height\":512,\"caption\":\"TerraMES 4.0\"},\"image\":{\"@id\":\"https:\/\/mes.terrateknoloji.com\/#\/schema\/logo\/image\/\"},\"sameAs\":[\"https:\/\/www.facebook.com\/terrames40\",\"https:\/\/www.instagram.com\/terrames\"]}]}<\/script>\n<!-- \/ Yoast SEO plugin. -->","yoast_head_json":{"title":"SSS - TerraMES 4.0 TerraMES 4.0 S\u0131k\u00e7a Sorulan Sorular - MES Yaz\u0131l\u0131m\u0131n\u0131z\u0131n Detaylar\u0131","description":"TerraMES MES yaz\u0131l\u0131m\u0131yla ilgili s\u0131k\u00e7a sorulan sorulara yan\u0131tlar bulun. \u00dcr\u00fcn \u00f6zellikleri, entegrasyon, ve fazlas\u0131 i\u00e7in SSS sayfam\u0131z\u0131 ke\u015ffedin!","robots":{"index":"index","follow":"follow","max-snippet":"max-snippet:-1","max-image-preview":"max-image-preview:large","max-video-preview":"max-video-preview:-1"},"canonical":"https:\/\/mes.terrateknoloji.com\/index.php\/sss\/","og_locale":"tr_TR","og_type":"article","og_title":"SSS - TerraMES 4.0 TerraMES 4.0 S\u0131k\u00e7a Sorulan Sorular - MES Yaz\u0131l\u0131m\u0131n\u0131z\u0131n Detaylar\u0131","og_description":"TerraMES MES yaz\u0131l\u0131m\u0131yla ilgili s\u0131k\u00e7a sorulan sorulara yan\u0131tlar bulun. \u00dcr\u00fcn \u00f6zellikleri, entegrasyon, ve fazlas\u0131 i\u00e7in SSS sayfam\u0131z\u0131 ke\u015ffedin!","og_url":"https:\/\/mes.terrateknoloji.com\/index.php\/sss\/","og_site_name":"TerraMES 4.0","article_publisher":"https:\/\/www.facebook.com\/terrames40","article_modified_time":"2023-12-20T07:53:22+00:00","og_image":[{"width":512,"height":512,"url":"https:\/\/mes.terrateknoloji.com\/wp-content\/uploads\/2023\/11\/cropped-IKON.png","type":"image\/png"}],"twitter_card":"summary_large_image","twitter_misc":{"Tahmini okuma s\u00fcresi":"2 dakika"},"schema":{"@context":"https:\/\/schema.org","@graph":[{"@type":"WebPage","@id":"https:\/\/mes.terrateknoloji.com\/index.php\/sss\/","url":"https:\/\/mes.terrateknoloji.com\/index.php\/sss\/","name":"SSS - TerraMES 4.0 TerraMES 4.0 S\u0131k\u00e7a Sorulan Sorular - MES Yaz\u0131l\u0131m\u0131n\u0131z\u0131n Detaylar\u0131","isPartOf":{"@id":"https:\/\/mes.terrateknoloji.com\/#website"},"datePublished":"2023-12-20T07:53:20+00:00","dateModified":"2023-12-20T07:53:22+00:00","description":"TerraMES MES yaz\u0131l\u0131m\u0131yla ilgili s\u0131k\u00e7a sorulan sorulara yan\u0131tlar bulun. \u00dcr\u00fcn \u00f6zellikleri, entegrasyon, ve fazlas\u0131 i\u00e7in SSS sayfam\u0131z\u0131 ke\u015ffedin!","breadcrumb":{"@id":"https:\/\/mes.terrateknoloji.com\/index.php\/sss\/#breadcrumb"},"inLanguage":"tr","potentialAction":[{"@type":"ReadAction","target":["https:\/\/mes.terrateknoloji.com\/index.php\/sss\/"]}]},{"@type":"BreadcrumbList","@id":"https:\/\/mes.terrateknoloji.com\/index.php\/sss\/#breadcrumb","itemListElement":[{"@type":"ListItem","position":1,"name":"Anasayfa","item":"https:\/\/mes.terrateknoloji.com\/"},{"@type":"ListItem","position":2,"name":"SSS"}]},{"@type":"WebSite","@id":"https:\/\/mes.terrateknoloji.com\/#website","url":"https:\/\/mes.terrateknoloji.com\/","name":"TerraMES 4.0","description":"&Uuml;retimde Yapay Zeka Devri","publisher":{"@id":"https:\/\/mes.terrateknoloji.com\/#organization"},"alternateName":"TerraMES","potentialAction":[{"@type":"SearchAction","target":{"@type":"EntryPoint","urlTemplate":"https:\/\/mes.terrateknoloji.com\/?s={search_term_string}"},"query-input":{"@type":"PropertyValueSpecification","valueRequired":true,"valueName":"search_term_string"}}],"inLanguage":"tr"},{"@type":"Organization","@id":"https:\/\/mes.terrateknoloji.com\/#organization","name":"TerraMES 4.0","url":"https:\/\/mes.terrateknoloji.com\/","logo":{"@type":"ImageObject","inLanguage":"tr","@id":"https:\/\/mes.terrateknoloji.com\/#\/schema\/logo\/image\/","url":"https:\/\/mes.terrateknoloji.com\/wp-content\/uploads\/2023\/11\/cropped-IKON.png","contentUrl":"https:\/\/mes.terrateknoloji.com\/wp-content\/uploads\/2023\/11\/cropped-IKON.png","width":512,"height":512,"caption":"TerraMES 4.0"},"image":{"@id":"https:\/\/mes.terrateknoloji.com\/#\/schema\/logo\/image\/"},"sameAs":["https:\/\/www.facebook.com\/terrames40","https:\/\/www.instagram.com\/terrames"]}]}},"_links":{"self":[{"href":"https:\/\/mes.terrateknoloji.com\/index.php\/wp-json\/wp\/v2\/pages\/223"}],"collection":[{"href":"https:\/\/mes.terrateknoloji.com\/index.php\/wp-json\/wp\/v2\/pages"}],"about":[{"href":"https:\/\/mes.terrateknoloji.com\/index.php\/wp-json\/wp\/v2\/types\/page"}],"author":[{"embeddable":true,"href":"https:\/\/mes.terrateknoloji.com\/index.php\/wp-json\/wp\/v2\/users\/1"}],"replies":[{"embeddable":true,"href":"https:\/\/mes.terrateknoloji.com\/index.php\/wp-json\/wp\/v2\/comments?post=223"}],"version-history":[{"count":1,"href":"https:\/\/mes.terrateknoloji.com\/index.php\/wp-json\/wp\/v2\/pages\/223\/revisions"}],"predecessor-version":[{"id":224,"href":"https:\/\/mes.terrateknoloji.com\/index.php\/wp-json\/wp\/v2\/pages\/223\/revisions\/224"}],"wp:attachment":[{"href":"https:\/\/mes.terrateknoloji.com\/index.php\/wp-json\/wp\/v2\/media?parent=223"}],"curies":[{"name":"wp","href":"https:\/\/api.w.org\/{rel}","templated":true}]}}